{"id":4826,"date":"2022-11-13T18:00:09","date_gmt":"2022-11-13T16:00:09","guid":{"rendered":"https:\/\/atmkompanija.lt\/?page_id=4826"},"modified":"2023-03-20T20:57:26","modified_gmt":"2023-03-20T18:57:26","slug":"a-propos-de-nous","status":"publish","type":"page","link":"https:\/\/atmkompanija.lt\/fr\/a-propos-de-nous\/","title":{"rendered":"\u00e0 propos de nous"},"content":{"rendered":"<p>[vc_row iron_row_type=&#8221;in_container&#8221; iron_remove_padding_medium=&#8221;&#8221; iron_remove_padding_small=&#8221;&#8221; iron_overlay_pattern=&#8221;&#8221; iron_parallax=&#8221;&#8221; iron_bg_video=&#8221;&#8221;][vc_column][vc_column_text css_animation=&#8221;fadeIn&#8221;]Le d\u00e9but de l&#8217;activit\u00e9 peut \u00eatre consid\u00e9r\u00e9 comme l\u2019ann\u00e9e 1976, lorsque le directeur ALVIDAS TAUTKUS a commenc\u00e9 son activit\u00e9 dans l\u2019industrie du spectacle en fondant le groupe \u00ab\u00a0RONDO\u00a0\u00bb, qui est devenu c\u00e9l\u00e8bre dans toute la Lituanie.\u00a0 Plus tard, il a \u00e9t\u00e9 \u00e0 la t\u00eate de l\u2019organisation d\u2019\u00e9dition \u00ab\u00a0POP CENTRAS\u00a0\u00bb pendant une longue p\u00e9riode avant de commencer \u00e0 g\u00e9rer les activit\u00e9s de l\u2019organisation de concerts \u00ab\u00a0RENGINI\u0172 SALA\u00a0\u00bb. L&#8217;activit\u00e9 principale de cette entreprise est l\u2019organisation de concerts professionnels dans les plus petits centres culturels comme dans les plus grandes ar\u00e8nes, des artistes lituaniens aux \u00ab\u00a0stars\u00a0\u00bb \u00e9trang\u00e8res.[\/vc_column_text][vc_column_text css_animation=&#8221;fadeIn&#8221;]Un peu d&#8217;histoire :<\/p>\n<ul>\n<li>Le Festival de musique pop lituanienne \u00ab\u00a0POP ART\u00a0\u00bb, qui existait presqu\u2019une d\u00e9cennie.<\/li>\n<li>La premi\u00e8re tourn\u00e9e de \u00ab\u00a0stars\u00a0\u00bb \u00e9trang\u00e8res en Lituanie. Il s\u2019agit des sept concerts de \u00ab\u00a0NAZARETH\u00a0\u00bb en janvier 1990 dans la halle de sports de Kaunas pleine \u00e0 craquer. Ils ont \u00e9t\u00e9 suivis par 8 concerts de \u00ab\u00a0SMOKIE\u00a0\u00bb, etc.<\/li>\n<li>Nous avons publi\u00e9 des centaines de milliers d\u2019\u00e9ditions musicales (MC, CD, DVD).<\/li>\n<li>Chaque semaine, il y avait une \u00e9mission musicale \u00ab\u00a0POP TV\u00a0\u00bb sur TV3 et \u00ab\u00a0POP RADIJAS\u00a0\u00bb sur la radio lituanienne, que nous pr\u00e9parions nous-m\u00eames. Nous avons \u00e9galement publi\u00e9 un journal musical intitul\u00e9 \u00ab\u00a0POP ASORTI\u00a0\u00bb.<\/li>\n<li>Ces derni\u00e8res ann\u00e9es, \u00ab\u00a0ATM KOMPANIJA\u00a0\u00bb a \u00e9galement organis\u00e9 un certain nombre de festivals et de cycles de concerts : \u00ab\u00a0VASAROS DESERTAS\u00a0\u00bb (Dessert d\u2019\u00e9t\u00e9), \u00ab\u00a0BIR\u017dELIO VAKARAI\u00a0\u00bb (Soirs de juin), \u00ab\u00a0GERTR\u016aDOS VASARA\u00a0\u00bb (\u00c9t\u00e9 de Gertr\u016bda), \u00ab\u00a0ART TERAPIJA\u00a0\u00bb (Art-th\u00e9rapie), \u00ab\u00a0KAUNO VAKARAS\u00a0\u00bb (Soir de Kaunas), le R\u00c9VEILLON TRADITIONNEL DU NOUVEL AN \u00e0 la LEGENDAIRE HALLE DE SPORTS DE KAUNAS, les concerts du jubil\u00e9 de O. VY\u0160NIAUSKAS, I. VALINSKIEN\u0116, etc.<\/li>\n<li>Nous organisons \u00e9galement de nombreux tourn\u00e9es dans les salles des centres culturels lituaniens : concerts de J. ERLICKAS, O. VY\u0160NIAUSKAS, \u00ab\u00a0\u0160AMPANINIS KAUNO CHORAS\u00a0\u00bb de RAIGARDAS TAUTKUS, etc.<\/li>\n<\/ul>\n<p>[\/vc_column_text][\/vc_column][\/vc_row]<\/p>\n","protected":false},"excerpt":{"rendered":"<p>[vc_row iron_row_type=&#8221;in_container&#8221; iron_remove_padding_medium=&#8221;&#8221; iron_remove_padding_small=&#8221;&#8221; iron_overlay_pattern=&#8221;&#8221; iron_parallax=&#8221;&#8221; iron_bg_video=&#8221;&#8221;][vc_column][vc_column_text css_animation=&#8221;fadeIn&#8221;]Le d\u00e9but de l&#8217;activit\u00e9 peut \u00eatre consid\u00e9r\u00e9 comme l\u2019ann\u00e9e 1976, lorsque le directeur [&hellip;]<\/p>\n","protected":false},"author":22,"featured_media":0,"parent":0,"menu_order":0,"comment_status":"closed","ping_status":"closed","template":"","meta":{"footnotes":""},"class_list":["post-4826","page","type-page","status-publish","hentry"],"publishpress_future_workflow_manual_trigger":{"enabledWorkflows":[]},"_links":{"self":[{"href":"https:\/\/atmkompanija.lt\/fr\/wp-json\/wp\/v2\/pages\/4826","targetHints":{"allow":["GET"]}}],"collection":[{"href":"https:\/\/atmkompanija.lt\/fr\/wp-json\/wp\/v2\/pages"}],"about":[{"href":"https:\/\/atmkompanija.lt\/fr\/wp-json\/wp\/v2\/types\/page"}],"author":[{"embeddable":true,"href":"https:\/\/atmkompanija.lt\/fr\/wp-json\/wp\/v2\/users\/22"}],"replies":[{"embeddable":true,"href":"https:\/\/atmkompanija.lt\/fr\/wp-json\/wp\/v2\/comments?post=4826"}],"version-history":[{"count":1,"href":"https:\/\/atmkompanija.lt\/fr\/wp-json\/wp\/v2\/pages\/4826\/revisions"}],"predecessor-version":[{"id":4827,"href":"https:\/\/atmkompanija.lt\/fr\/wp-json\/wp\/v2\/pages\/4826\/revisions\/4827"}],"wp:attachment":[{"href":"https:\/\/atmkompanija.lt\/fr\/wp-json\/wp\/v2\/media?parent=4826"}],"curies":[{"name":"wp","href":"https:\/\/api.w.org\/{rel}","templated":true}]}}