{"id":4829,"date":"2022-11-13T18:00:09","date_gmt":"2022-11-13T16:00:09","guid":{"rendered":"https:\/\/atmkompanija.lt\/?page_id=4829"},"modified":"2023-03-20T21:08:01","modified_gmt":"2023-03-20T19:08:01","slug":"ueber-uns","status":"publish","type":"page","link":"https:\/\/atmkompanija.lt\/de\/ueber-uns\/","title":{"rendered":"\u00fcber uns"},"content":{"rendered":"<p>[vc_row iron_row_type=&#8221;in_container&#8221; iron_remove_padding_medium=&#8221;&#8221; iron_remove_padding_small=&#8221;&#8221; iron_overlay_pattern=&#8221;&#8221; iron_parallax=&#8221;&#8221; iron_bg_video=&#8221;&#8221;][vc_column][vc_column_text css_animation=&#8221;fadeIn&#8221;]F\u00fcr den Beginn der T\u00e4tigkeit kann man das Jahr 1976 halten, als der Leiter ALVIDAS TAUTKUS sein Showbusiness startete, indem er die Gruppe \u201eRONDO\u201c gegr\u00fcndet hatte, die in ganz Litauen bekannt wurde. Sp\u00e4ter war er l\u00e4ngere Zeit als Leiter der Verlagsorganisation \u201ePOP CENTRAS&#8221; t\u00e4tig, nachher begann er seine T\u00e4tigkeit als Leiter der Konzertorganisation\u00a0\u201eVERANSTALTUNGSINSEL\u201c (\u201eRENGINI\u0172 SALA\u201c) auszu\u00fcben. Der Schwerpunkt der T\u00e4tigkeit dieser Konzertorganisation liegt in der Veranstaltung von professionellen Konzerten, angefangen mit den kleinsten Kulturzentren bis hin zu den gr\u00f6\u00dften Arenen. Mit litauischen K\u00fcnstlern bis hin zu ausl\u00e4ndischen Stars.[\/vc_column_text][vc_column_text css_animation=&#8221;fadeIn&#8221;]Geschichte unserer T\u00e4tigkeit im \u00dcberblick:<\/p>\n<ul>\n<li>Fast ein Jahrzent lang wurde das Festival litauischer Popmusik \u201ePOP ART\u201c veranstaltet.<\/li>\n<li>Wir veranstalteten die ersten Tournees von ausl\u00e4ndischen Stars. Es handelt sich um 7 Konzerte der Gruppe \u201eNAZARETH\u201c, die im Januar 1990 im \u00fcberf\u00fcllten Saal der Sporthalle Kaunas stattgefunden hatten. Danach gab es 8 Konzerte von \u201eSMOKIE&#8221; u. a. m.<\/li>\n<li>Wir hatten hunderttausende von musikalischen Werken herausgegeben (MC, CD, DVD).<\/li>\n<li>Jede Woche wurde vom TV3 Sender musikalische Sendung \u201ePOP TV\u201c \u00fcbertragen und vom Lietuvos radijas die Sendung \u201ePOP RADIJAS\u201c, die wir selbst vorbereitet hatten. Auch hatten wir musikalische Zeitung \u201ePOP ASORTI\u201c herausgeben.<\/li>\n<li>In den letzten Jahren veranstaltet ATM KOMPANIJA ebenso mehrere verschiedene Festivals sowie Konzertreihen: \u201eSOMMERDESSERT\u201c (\u201eVASAROS DESERTAS&#8221;), \u201eJUNIABENDE\u201c (\u201eBIR\u017dELIO VAKARAI&#8221;), \u201eSOMMER VON GERTRUDE&#8221; (\u201eGERTR\u016aDOS VASARA&#8221;), \u201eART THERAPIE&#8221; (\u201eART TERAPIJA&#8221;), \u201eKAUNAS ABEND&#8221; (\u201eKAUNO VAKARAS&#8221;), TRADITIONELLER SILVESTERABEND IN DER LEGEND\u00c4REN SPORTHALLE KAUNAS, Jubil\u00e4umskonzertreisen von O. VY\u0160NIAUSKAS, I.VALINSKIEN\u0116 u. a. m.<\/li>\n<li>Auch veranstalten wir viele Konzertreisen, die in die S\u00e4le der Kulturzentren Litauens f\u00fchren: von J. ERLICKAS, O.VY\u0160NIAUSKAS, RAIGARDO TAUTKAUS \u0160AMPANINIO KAUNO CHORAS u. a. m.<\/li>\n<\/ul>\n<p>[\/vc_column_text][\/vc_column][\/vc_row]<\/p>\n","protected":false},"excerpt":{"rendered":"<p>[vc_row iron_row_type=&#8221;in_container&#8221; iron_remove_padding_medium=&#8221;&#8221; iron_remove_padding_small=&#8221;&#8221; iron_overlay_pattern=&#8221;&#8221; iron_parallax=&#8221;&#8221; iron_bg_video=&#8221;&#8221;][vc_column][vc_column_text css_animation=&#8221;fadeIn&#8221;]F\u00fcr den Beginn der T\u00e4tigkeit kann man das Jahr 1976 halten, als der [&hellip;]<\/p>\n","protected":false},"author":22,"featured_media":0,"parent":0,"menu_order":0,"comment_status":"closed","ping_status":"closed","template":"","meta":{"footnotes":""},"class_list":["post-4829","page","type-page","status-publish","hentry"],"publishpress_future_workflow_manual_trigger":{"enabledWorkflows":[]},"_links":{"self":[{"href":"https:\/\/atmkompanija.lt\/de\/wp-json\/wp\/v2\/pages\/4829","targetHints":{"allow":["GET"]}}],"collection":[{"href":"https:\/\/atmkompanija.lt\/de\/wp-json\/wp\/v2\/pages"}],"about":[{"href":"https:\/\/atmkompanija.lt\/de\/wp-json\/wp\/v2\/types\/page"}],"author":[{"embeddable":true,"href":"https:\/\/atmkompanija.lt\/de\/wp-json\/wp\/v2\/users\/22"}],"replies":[{"embeddable":true,"href":"https:\/\/atmkompanija.lt\/de\/wp-json\/wp\/v2\/comments?post=4829"}],"version-history":[{"count":2,"href":"https:\/\/atmkompanija.lt\/de\/wp-json\/wp\/v2\/pages\/4829\/revisions"}],"predecessor-version":[{"id":4833,"href":"https:\/\/atmkompanija.lt\/de\/wp-json\/wp\/v2\/pages\/4829\/revisions\/4833"}],"wp:attachment":[{"href":"https:\/\/atmkompanija.lt\/de\/wp-json\/wp\/v2\/media?parent=4829"}],"curies":[{"name":"wp","href":"https:\/\/api.w.org\/{rel}","templated":true}]}}